{"id":22,"date":"2016-04-07T12:01:03","date_gmt":"2016-04-07T12:01:03","guid":{"rendered":"http:\/\/www.nerds.se\/nerds\/?page_id=22"},"modified":"2024-01-25T09:39:07","modified_gmt":"2024-01-25T09:39:07","slug":"valkommen-till-nerds","status":"publish","type":"page","link":"http:\/\/nerds.se\/nerds\/","title":{"rendered":"V\u00e4lkommen till Nerds"},"content":{"rendered":"<h3>Uppdaterad 25 januari 2024!<br \/>OBS De sista g\u00e5ngerna f\u00f6r i \u00e5r \u00e4r vi h\u00e4r mellan 16-17!<br \/>OBS! Bara 3 tr\u00e4ffar kvar f\u00f6r er som vill veta lite mer om v\u00e5r IT utbildning.\u00a0<br \/>25 januari, 1 och 8 februari!<br \/>De g\u00e5nger som \u00e4r kvar \u00e4gnar vi fr\u00e4mst \u00e5t att ber\u00e4tta om v\u00e5r utbildning.<\/h3>\n<h3>v45 efter h\u00f6stlovet fram till 8 februari p\u00e5 torsdagar 16-17 (insl\u00e4pp till 16.30!!)<br \/>Kommer du senare s\u00e5 skicka ett sms till Lennart!<\/h3>\n<h5>OBS! Vi har en l\u00e5st skola s\u00e5 f\u00f6r att komma in s\u00e5 ring p\u00e5 klockan d\u00e4r det st\u00e5r NERDS (d\u00f6rren \u00e4r ut mot Skolgatan n\u00e4stan rakt framf\u00f6r Nytorgsgatan)!<\/h5>\n<p><strong>Nerds \u00e4r till f\u00f6r dig som g\u00e5r i \u00e5rskurs nio och bedrivs av l\u00e4rare och elever fr\u00e5n \u00c4ngelholms IT-utbildning (El-och Energiprogrammets datorinriktning p\u00e5 R\u00f6nneskolan).<\/strong><\/p>\n<p><strong>Kom utan anm\u00e4lan vilken vecka du vill! G\u00e4rna fler \u00e4n 1 vecka s\u00e5 hinner du vara med p\u00e5 mer :).\u00a0<\/strong><\/p>\n<p>Hos oss kan du prova p\u00e5 olika saker som ing\u00e5r i de olika kurserna p\u00e5 \u00c4ngelholms IT-utbildning (El-och Energiprogrammets<strong> IT-inriktning<\/strong>).<\/p>\n<p>Du f\u00e5r hj\u00e4lp av l\u00e4rarna Joakim Rehnberg, Lennart Dock och n\u00e5gra av v\u00e5ra underbara elever som stannar kvar\u00a0efter skolan. Det h\u00e4nder d\u00e5 och d\u00e5 att vi \u00e4ven fikar \ud83d\ude42<\/p>\n<p><strong>Du f\u00e5r testa: G\u00f6ra hemsidor, l\u00e4ra dig datorns <\/strong><\/p>\n<p><strong>delar, mecka i en dator, n\u00e4tverk, mjukl\u00f6dning, elektronik,<\/strong><\/p>\n<p><strong> programmering, testa v\u00e5r 3D-skrivare mm<\/strong><\/p>\n<p><strong>Sj\u00e4lvklart f\u00e5r du sj\u00e4lv ha \u00f6nskem\u00e5l ut\u00f6ver detta!<\/strong><\/p>\n<p>Har du fr\u00e5gor eller undrar \u00f6ver n\u00e5got?<\/p>\n<p>Kontakta:<\/p>\n<p>Joakim Rehnberg (l\u00e4rare) <a href=\"mailto:joakim.rehnberg@engelholm.se\">joakim.rehnberg@engelholm.se<\/a> tel: 0760 179048<\/p>\n<p>Lennart Dock (l\u00e4rare) <a href=\"mailto:lennart.dock@engelholm.se\">lennart.dock@engelholm.se<\/a> tel: 0733 944909<\/p>\n\n\n<p><\/p>\n","protected":false},"excerpt":{"rendered":"<p>Uppdaterad 25 januari 2024!OBS De sista g\u00e5ngerna f\u00f6r i \u00e5r \u00e4r vi h\u00e4r mellan 16-17!OBS! Bara 3 tr\u00e4ffar kvar f\u00f6r er som vill veta lite mer om v\u00e5r IT utbildning.\u00a025 januari, 1 och 8 februari!De g\u00e5nger som \u00e4r kvar \u00e4gnar vi fr\u00e4mst \u00e5t att ber\u00e4tta om v\u00e5r utbildning. v45 efter h\u00f6stlovet fram till 8 februari [&hellip;]<\/p>\n","protected":false},"author":2,"featured_media":0,"parent":0,"menu_order":0,"comment_status":"closed","ping_status":"closed","template":"","meta":{"footnotes":""},"_links":{"self":[{"href":"http:\/\/nerds.se\/nerds\/index.php?rest_route=\/wp\/v2\/pages\/22"}],"collection":[{"href":"http:\/\/nerds.se\/nerds\/index.php?rest_route=\/wp\/v2\/pages"}],"about":[{"href":"http:\/\/nerds.se\/nerds\/index.php?rest_route=\/wp\/v2\/types\/page"}],"author":[{"embeddable":true,"href":"http:\/\/nerds.se\/nerds\/index.php?rest_route=\/wp\/v2\/users\/2"}],"replies":[{"embeddable":true,"href":"http:\/\/nerds.se\/nerds\/index.php?rest_route=%2Fwp%2Fv2%2Fcomments&post=22"}],"version-history":[{"count":78,"href":"http:\/\/nerds.se\/nerds\/index.php?rest_route=\/wp\/v2\/pages\/22\/revisions"}],"predecessor-version":[{"id":148,"href":"http:\/\/nerds.se\/nerds\/index.php?rest_route=\/wp\/v2\/pages\/22\/revisions\/148"}],"wp:attachment":[{"href":"http:\/\/nerds.se\/nerds\/index.php?rest_route=%2Fwp%2Fv2%2Fmedia&parent=22"}],"curies":[{"name":"wp","href":"https:\/\/api.w.org\/{rel}","templated":true}]}}