{"id":820,"date":"2017-08-30T12:29:43","date_gmt":"2017-08-30T12:29:43","guid":{"rendered":"http:\/\/nerds.se\/edt\/?page_id=820"},"modified":"2017-08-30T12:32:30","modified_gmt":"2017-08-30T12:32:30","slug":"formular","status":"publish","type":"page","link":"http:\/\/nerds.se\/edt\/formular\/","title":{"rendered":"Formul\u00e4r"},"content":{"rendered":"<p><a href=\"https:\/\/docs.google.com\/forms\/d\/e\/1FAIpQLSdzH-xYjw8YtZrJVeG4ugOv6HGAaZrK9o2tACYy8CdshAZQ0A\/viewform?usp=sf_link\" target=\"_blank\">L\u00e4nk till formul\u00e4r f\u00f6r att fylla i adress, mail, telefonuppgifter mm<\/a><\/p>\n","protected":false},"excerpt":{"rendered":"<p>L\u00e4nk till formul\u00e4r f\u00f6r att fylla i adress, mail, telefonuppgifter mm<\/p>\n","protected":false},"author":1,"featured_media":0,"parent":0,"menu_order":0,"comment_status":"closed","ping_status":"closed","template":"","meta":{"ngg_post_thumbnail":0,"footnotes":""},"_links":{"self":[{"href":"http:\/\/nerds.se\/edt\/wp-json\/wp\/v2\/pages\/820"}],"collection":[{"href":"http:\/\/nerds.se\/edt\/wp-json\/wp\/v2\/pages"}],"about":[{"href":"http:\/\/nerds.se\/edt\/wp-json\/wp\/v2\/types\/page"}],"author":[{"embeddable":true,"href":"http:\/\/nerds.se\/edt\/wp-json\/wp\/v2\/users\/1"}],"replies":[{"embeddable":true,"href":"http:\/\/nerds.se\/edt\/wp-json\/wp\/v2\/comments?post=820"}],"version-history":[{"count":3,"href":"http:\/\/nerds.se\/edt\/wp-json\/wp\/v2\/pages\/820\/revisions"}],"predecessor-version":[{"id":824,"href":"http:\/\/nerds.se\/edt\/wp-json\/wp\/v2\/pages\/820\/revisions\/824"}],"wp:attachment":[{"href":"http:\/\/nerds.se\/edt\/wp-json\/wp\/v2\/media?parent=820"}],"curies":[{"name":"wp","href":"https:\/\/api.w.org\/{rel}","templated":true}]}}