{"id":2,"date":"2016-03-31T11:18:57","date_gmt":"2016-03-31T11:18:57","guid":{"rendered":"http:\/\/www.nerds.se\/edt\/?page_id=2"},"modified":"2016-04-11T13:24:15","modified_gmt":"2016-04-11T13:24:15","slug":"sample-page","status":"publish","type":"page","link":"http:\/\/nerds.se\/edt\/","title":{"rendered":"Om oss"},"content":{"rendered":"<p>\u00c4ngelholms IT utbildning \u00e4r El\u00ad- och\u00a0energiprogrammets Dator- och kommunikationstekniska inriktning\u00a0p\u00e5 \u00c4ngelholms Gymnasieskola.<\/p>\n<p>Det \u00e4r\u00a0ett program d\u00e4r praktiska\u00a0experiment\u00a0och\u00a0labbar\u00a0varvas\u00a0med\u00a0modern\u00a0och\u00a0uppdaterad\u00a0teori.\u00a0Vare\u00a0sig du\u00a0\u00e4r\u00a0intresserad\u00a0av\u00a0att\u00a0bli\u00a0en\u00a0n\u00e4tverksadministrat\u00f6r,\u00a0datas\u00e4kerhetsproffs\u00a0eller\u00a0 programutvecklare\u00a0s\u00e5\u00a0\u00e4r \u00c4ngelholms IT utbildning ett program som\u00a0passar\u00a0 m\u00e5nga.<br \/>\nKurserna\u00a0som\u00a0erbjuds\u00a0t\u00e4cker\u00a0allt\u00a0mellan grundkunskaper till mer avancerad programmering\u00a0f\u00f6r ex. webbservrar.\u00a0Detta\u00a0ger\u00a0en\u00a0bred\u00a0utbildning\u00a0som\u00a0ger\u00a0dig\u00a0en\u00a0bra\u00a0grund\u00a0f\u00f6r\u00a0att\u00a0forts\u00e4tta\u00a0 l\u00e4sa\u00a0vidare,\u00a0eller\u00a0f\u00f6r\u00a0att\u00a0f\u00e5\u00a0ett\u00a0jobb\u00a0direkt\u00a0efter\u00a0din\u00a0gymnasieutbildning.<br \/>\nAlla\u00a0l\u00e4rare\u00a0\u00e4r\u00a0engagerade\u00a0och\u00a0villiga\u00a0att\u00a0hj\u00e4lpa\u00a0dig\u00a0n\u00e5\u00a0upp\u00a0till\u00a0din\u00a0potential.\u00a0Och\u00a0det\u00a0\u00e4r\u00a0 inte\u00a0bara\u00a0stela\u00a0l\u00e4roplaner\u00a0som\u00a0g\u00e4ller\u037e\u00a0om\u00a0du\u00a0\u00e4r\u00a0intresserad\u00a0och\u00a0visar\u00a0att\u00a0du\u00a0vill\u00a0arbeta\u00a0 p\u00e5\u00a0ett\u00a0projekt,\u00a0s\u00e5som\u00a0att\u00a0bygga\u00a0en\u00a03D\u00adprinter,\u00a0eller\u00a0att\u00a0utf\u00f6ra\u00a0en\u00a0uppgift\u00a0p\u00e5\u00a0ett alternativt\u00a0s\u00e4tt\u00a0som\u00a0l\u00e5ter\u00a0dig\u00a0visa\u00a0dina\u00a0kunskaper\u00a0mer\u00a0s\u00e5\u00a0arbetar\u00a0alltid\u00a0l\u00e4rarna\u00a0f\u00f6r\u00a0att\u00a0 hj\u00e4lpa\u00a0dig\u00a0med\u00a0detta. \u00c4ngelholms IT utbildning \u00e4r\u00a0ett program d\u00e4r\u00a0b\u00e5de\u00a0l\u00e4rarna\u00a0och\u00a0eleverna\u00a0\u00e4r\u00a0starkt\u00a0 intresserade\u00a0av\u00a0det\u00a0vi\u00a0pysslar\u00a0med.<\/p>\n<p>Alla\u00a0\u00e4r\u00a0h\u00e4r\u00a0f\u00f6r\u00a0att\u00a0l\u00e4ra\u00a0sig. V\u00e4lkomna \ud83d\ude42<\/p>\n<p>\/Jonatan, Patrik och Morgan elever i EDT3 -2015<\/p>\n","protected":false},"excerpt":{"rendered":"<p>\u00c4ngelholms IT utbildning \u00e4r El\u00ad- och\u00a0energiprogrammets Dator- och kommunikationstekniska inriktning\u00a0p\u00e5 \u00c4ngelholms Gymnasieskola. Det \u00e4r\u00a0ett program d\u00e4r praktiska\u00a0experiment\u00a0och\u00a0labbar\u00a0varvas\u00a0med\u00a0modern\u00a0och\u00a0uppdaterad\u00a0teori.\u00a0Vare\u00a0sig du\u00a0\u00e4r\u00a0intresserad\u00a0av\u00a0att\u00a0bli\u00a0en\u00a0n\u00e4tverksadministrat\u00f6r,\u00a0datas\u00e4kerhetsproffs\u00a0eller\u00a0 programutvecklare\u00a0s\u00e5\u00a0\u00e4r \u00c4ngelholms IT utbildning ett program som\u00a0passar\u00a0 m\u00e5nga. Kurserna\u00a0som\u00a0erbjuds\u00a0t\u00e4cker\u00a0allt\u00a0mellan grundkunskaper till mer avancerad programmering\u00a0f\u00f6r ex. webbservrar.\u00a0Detta\u00a0ger\u00a0en\u00a0bred\u00a0utbildning\u00a0som\u00a0ger\u00a0dig\u00a0en\u00a0bra\u00a0grund\u00a0f\u00f6r\u00a0att\u00a0forts\u00e4tta\u00a0 l\u00e4sa\u00a0vidare,\u00a0eller\u00a0f\u00f6r\u00a0att\u00a0f\u00e5\u00a0ett\u00a0jobb\u00a0direkt\u00a0efter\u00a0din\u00a0gymnasieutbildning. Alla\u00a0l\u00e4rare\u00a0\u00e4r\u00a0engagerade\u00a0och\u00a0villiga\u00a0att\u00a0hj\u00e4lpa\u00a0dig\u00a0n\u00e5\u00a0upp\u00a0till\u00a0din\u00a0potential.\u00a0Och\u00a0det\u00a0\u00e4r\u00a0 inte\u00a0bara\u00a0stela\u00a0l\u00e4roplaner\u00a0som\u00a0g\u00e4ller\u037e\u00a0om\u00a0du\u00a0\u00e4r\u00a0intresserad\u00a0och\u00a0visar\u00a0att\u00a0du\u00a0vill\u00a0arbeta\u00a0 p\u00e5\u00a0ett\u00a0projekt,\u00a0s\u00e5som\u00a0att\u00a0bygga\u00a0en\u00a03D\u00adprinter,\u00a0eller\u00a0att\u00a0utf\u00f6ra\u00a0en\u00a0uppgift\u00a0p\u00e5\u00a0ett alternativt\u00a0s\u00e4tt\u00a0som\u00a0l\u00e5ter\u00a0dig\u00a0visa\u00a0dina\u00a0kunskaper\u00a0mer\u00a0s\u00e5\u00a0arbetar\u00a0alltid\u00a0l\u00e4rarna\u00a0f\u00f6r\u00a0att\u00a0 hj\u00e4lpa\u00a0dig\u00a0med\u00a0detta. \u00c4ngelholms IT utbildning \u00e4r\u00a0ett program d\u00e4r\u00a0b\u00e5de\u00a0l\u00e4rarna\u00a0och\u00a0eleverna\u00a0\u00e4r\u00a0starkt\u00a0 intresserade\u00a0av\u00a0det\u00a0vi\u00a0pysslar\u00a0med. Alla\u00a0\u00e4r\u00a0h\u00e4r\u00a0f\u00f6r\u00a0att\u00a0l\u00e4ra\u00a0sig. V\u00e4lkomna \ud83d\ude42 \/Jonatan, Patrik och Morgan elever [&hellip;]<\/p>\n","protected":false},"author":1,"featured_media":0,"parent":0,"menu_order":0,"comment_status":"closed","ping_status":"open","template":"","meta":{"ngg_post_thumbnail":0,"footnotes":""},"_links":{"self":[{"href":"http:\/\/nerds.se\/edt\/wp-json\/wp\/v2\/pages\/2"}],"collection":[{"href":"http:\/\/nerds.se\/edt\/wp-json\/wp\/v2\/pages"}],"about":[{"href":"http:\/\/nerds.se\/edt\/wp-json\/wp\/v2\/types\/page"}],"author":[{"embeddable":true,"href":"http:\/\/nerds.se\/edt\/wp-json\/wp\/v2\/users\/1"}],"replies":[{"embeddable":true,"href":"http:\/\/nerds.se\/edt\/wp-json\/wp\/v2\/comments?post=2"}],"version-history":[{"count":12,"href":"http:\/\/nerds.se\/edt\/wp-json\/wp\/v2\/pages\/2\/revisions"}],"predecessor-version":[{"id":749,"href":"http:\/\/nerds.se\/edt\/wp-json\/wp\/v2\/pages\/2\/revisions\/749"}],"wp:attachment":[{"href":"http:\/\/nerds.se\/edt\/wp-json\/wp\/v2\/media?parent=2"}],"curies":[{"name":"wp","href":"https:\/\/api.w.org\/{rel}","templated":true}]}}